{"id":137,"date":"2014-10-14T18:11:45","date_gmt":"2014-10-14T16:11:45","guid":{"rendered":"http:\/\/blog.potentialfoerderin.de\/?page_id=137"},"modified":"2022-04-18T13:09:43","modified_gmt":"2022-04-18T11:09:43","slug":"hkt-einzelcoaching","status":"publish","type":"page","link":"https:\/\/blog.potentialfoerderin.de\/?page_id=137","title":{"rendered":"HKT &#8211; Einzelcoaching"},"content":{"rendered":"<p><em>\u201eMentale St\u00e4rke\u201c<\/em><\/p>\n<p>Mit mentalen Strategien pers\u00f6nliches Potential zielgerichtet und bewusst aktivieren<\/p>\n<p>Mentales Training f\u00fcr Einsteiger<\/p>\n<p><span style=\"text-decoration: underline;\">Zeitrahmen:<\/span>\u00a05 Coachingeinheiten \u00e0 2 Stunden (Preis auf Anfrage)<\/p>\n<p>&nbsp;<\/p>\n<p><em>\u201ePr\u00fcfungsstress ad\u00e9\u201c<\/em><\/p>\n<p>Gelassen und kompetent Herausforderungen meistern<\/p>\n<p>Mentales Training zur Vorbereitung auf Pr\u00fcfungen, Klausuren, Vortr\u00e4ge oder Pr\u00e4sentationen<\/p>\n<p><span style=\"text-decoration: underline;\">Zeitrahmen:<\/span>\u00a05 Coachingeinheiten \u00e0 2 Stunden (Preis auf Anfrage)<\/p>\n<p>&nbsp;<\/p>\n<p><span style=\"text-decoration: underline;\">Ihr Nutzen vom HKT\u00a0&#8211; Einzelcoaching<\/span><\/p>\n<ul>\n<li>Sie erlernen mentale Selbstmanagementkompetenzen,<\/li>\n<li>aktivieren und st\u00e4rken Ihre Gesundheitsressourcen,<\/li>\n<li>erleben Selbstwirksamkeit und Ihr\u00a0individuelles Handlungsspektrum<\/li>\n<\/ul>\n<p>und sind in der Lage<\/p>\n<ul>\n<li>sich ressourcenorientierte, eigenverantwortliche und attraktive Ziele zu setzen,<\/li>\n<li>zielgerichtet und bewusst Ihre Konzentration und St\u00e4rken zu aktivieren,<\/li>\n<li>zielf\u00fchrende Handlungsalternativen und L\u00f6sungsstrategien zu erarbeiten.<\/li>\n<\/ul>\n","protected":false},"excerpt":{"rendered":"<p>\u201eMentale St\u00e4rke\u201c Mit mentalen Strategien pers\u00f6nliches Potential zielgerichtet und bewusst aktivieren Mentales Training f\u00fcr Einsteiger Zeitrahmen:\u00a05 Coachingeinheiten \u00e0 2 Stunden (Preis auf Anfrage) &nbsp; \u201ePr\u00fcfungsstress ad\u00e9\u201c Gelassen und kompetent Herausforderungen meistern Mentales Training zur Vorbereitung auf Pr\u00fcfungen, Klausuren, Vortr\u00e4ge oder Pr\u00e4sentationen Zeitrahmen:\u00a05 Coachingeinheiten \u00e0 2 Stunden (Preis auf Anfrage) &nbsp; Ihr Nutzen vom HKT\u00a0&#8211; Einzelcoaching [&hellip;]<\/p>\n","protected":false},"author":2,"featured_media":0,"parent":0,"menu_order":0,"comment_status":"closed","ping_status":"closed","template":"full-width-page-template.php","meta":{"jetpack_post_was_ever_published":false,"footnotes":""},"class_list":["post-137","page","type-page","status-publish","hentry"],"jetpack_sharing_enabled":true,"jetpack_shortlink":"https:\/\/wp.me\/P4FeS6-2d","_links":{"self":[{"href":"https:\/\/blog.potentialfoerderin.de\/index.php?rest_route=\/wp\/v2\/pages\/137","targetHints":{"allow":["GET"]}}],"collection":[{"href":"https:\/\/blog.potentialfoerderin.de\/index.php?rest_route=\/wp\/v2\/pages"}],"about":[{"href":"https:\/\/blog.potentialfoerderin.de\/index.php?rest_route=\/wp\/v2\/types\/page"}],"author":[{"embeddable":true,"href":"https:\/\/blog.potentialfoerderin.de\/index.php?rest_route=\/wp\/v2\/users\/2"}],"replies":[{"embeddable":true,"href":"https:\/\/blog.potentialfoerderin.de\/index.php?rest_route=%2Fwp%2Fv2%2Fcomments&post=137"}],"version-history":[{"count":9,"href":"https:\/\/blog.potentialfoerderin.de\/index.php?rest_route=\/wp\/v2\/pages\/137\/revisions"}],"predecessor-version":[{"id":301,"href":"https:\/\/blog.potentialfoerderin.de\/index.php?rest_route=\/wp\/v2\/pages\/137\/revisions\/301"}],"wp:attachment":[{"href":"https:\/\/blog.potentialfoerderin.de\/index.php?rest_route=%2Fwp%2Fv2%2Fmedia&parent=137"}],"curies":[{"name":"wp","href":"https:\/\/api.w.org\/{rel}","templated":true}]}}