{"id":199,"date":"2014-10-16T11:54:30","date_gmt":"2014-10-16T09:54:30","guid":{"rendered":"http:\/\/blog.potentialfoerderin.de\/?page_id=199"},"modified":"2024-03-15T13:45:14","modified_gmt":"2024-03-15T12:45:14","slug":"leitbild","status":"publish","type":"page","link":"https:\/\/blog.potentialfoerderin.de\/?page_id=199","title":{"rendered":"Arbeitsweise"},"content":{"rendered":"<p><em>\u201eWer nicht wei\u00df wohin er will, der muss sich nicht wundern, wenn er ganz wo anders ankommt.\u201c<br \/>\nMark Twain<\/em><\/p>\n<p>Ich bin begeisterte Gesundheits- und Potentialf\u00f6rderin. In meinen Workshops und Coachings unterst\u00fctze ich Menschen ihre Potentiale, Ressourcen und M\u00f6glichkeiten zu entdecken und diese zu aktivieren, um (selbst-)bewusst ihre Lebenstr\u00e4ume und Lebensziele zu gestalten, Herausforderungen anzunehmen und zu meistern, Zufriedenheit und Wohlbefinden nachhaltig zu st\u00e4rken und zu erhalten.<\/p>\n<p>Ich arbeite<\/p>\n<ul>\n<li>interdisziplin\u00e4r und salutogenetisch orientiert an den Bed\u00fcrfnissen und Kontexten meiner Auftraggeber*innen<\/li>\n<li>innovativ, nachhaltig und kontextsensibel mittels systemtheoretisch und erlebnisorientierter Beratungs-, Coaching- und Trainingsmethoden<\/li>\n<li>wissenschaftlich fundiert und praxisorientiert<\/li>\n<li>in einer wertsch\u00e4tzenden Grundhaltung, fokussiert auf St\u00e4rken, Potentiale und Ressourcen von Personen und sozialen Systemen<\/li>\n<li>berufs- und bildungsbiographische Ver\u00e4nderungsprozesse gestaltend und begleitend<\/li>\n<\/ul>\n","protected":false},"excerpt":{"rendered":"<p>\u201eWer nicht wei\u00df wohin er will, der muss sich nicht wundern, wenn er ganz wo anders ankommt.\u201c Mark Twain Ich bin begeisterte Gesundheits- und Potentialf\u00f6rderin. In meinen Workshops und Coachings unterst\u00fctze ich Menschen ihre Potentiale, Ressourcen und M\u00f6glichkeiten zu entdecken und diese zu aktivieren, um (selbst-)bewusst ihre Lebenstr\u00e4ume und Lebensziele zu gestalten, Herausforderungen anzunehmen und [&hellip;]<\/p>\n","protected":false},"author":2,"featured_media":0,"parent":0,"menu_order":0,"comment_status":"closed","ping_status":"closed","template":"full-width-page-template.php","meta":{"jetpack_post_was_ever_published":false,"footnotes":""},"class_list":["post-199","page","type-page","status-publish","hentry"],"jetpack_sharing_enabled":true,"jetpack_shortlink":"https:\/\/wp.me\/P4FeS6-3d","_links":{"self":[{"href":"https:\/\/blog.potentialfoerderin.de\/index.php?rest_route=\/wp\/v2\/pages\/199","targetHints":{"allow":["GET"]}}],"collection":[{"href":"https:\/\/blog.potentialfoerderin.de\/index.php?rest_route=\/wp\/v2\/pages"}],"about":[{"href":"https:\/\/blog.potentialfoerderin.de\/index.php?rest_route=\/wp\/v2\/types\/page"}],"author":[{"embeddable":true,"href":"https:\/\/blog.potentialfoerderin.de\/index.php?rest_route=\/wp\/v2\/users\/2"}],"replies":[{"embeddable":true,"href":"https:\/\/blog.potentialfoerderin.de\/index.php?rest_route=%2Fwp%2Fv2%2Fcomments&post=199"}],"version-history":[{"count":11,"href":"https:\/\/blog.potentialfoerderin.de\/index.php?rest_route=\/wp\/v2\/pages\/199\/revisions"}],"predecessor-version":[{"id":634,"href":"https:\/\/blog.potentialfoerderin.de\/index.php?rest_route=\/wp\/v2\/pages\/199\/revisions\/634"}],"wp:attachment":[{"href":"https:\/\/blog.potentialfoerderin.de\/index.php?rest_route=%2Fwp%2Fv2%2Fmedia&parent=199"}],"curies":[{"name":"wp","href":"https:\/\/api.w.org\/{rel}","templated":true}]}}