{"id":204,"date":"2014-10-16T12:02:16","date_gmt":"2014-10-16T10:02:16","guid":{"rendered":"http:\/\/blog.potentialfoerderin.de\/?page_id=204"},"modified":"2026-02-20T07:02:46","modified_gmt":"2026-02-20T06:02:46","slug":"qualifikation","status":"publish","type":"page","link":"https:\/\/blog.potentialfoerderin.de\/?page_id=204","title":{"rendered":"Qualifikation"},"content":{"rendered":"<p><strong>Promoviert in den Erziehungswissenschaften an der Goethe-Universit\u00e4t Frankfurt am Main <\/strong><\/p>\n<p><strong>Master of Arts Systemische Beratung<\/strong> (Studium \u201eSystemische Beratung\u201c (M.A.) am Fachbereich Sozialwissenschaften der Technischen Universit\u00e4t Kaiserslautern,&nbsp;Schwerpunkte: Personal- und Organisationsentwicklung, Titel der Masterarbeit: \u201eSYSTEMISCHES ERM\u00d6GLICHEN \u2013 Beitr\u00e4ge einer systemischen Haltung zur Kompetenzentwicklung in der Hochschullehre\u201c)<\/p>\n<p><strong>Bachelor of Arts Gesundheitsf\u00f6rderung<\/strong> (P\u00e4dagogische Hochschule Heidelberg)<\/p>\n<p><strong>Lehrende Coachin (Systemische Gesellschaft (SG))<\/strong><\/p>\n<p><strong>Systemische Coachin (SG)<\/strong><\/p>\n<p><strong>Systemische Supervisorin (SG)<\/strong><\/p>\n<p><strong>Systemische Beraterin (SG)<\/strong><\/p>\n<p><strong>Hochschuldidaktische Qualifizierung<\/strong> (Rheinland-Pfalz-Zertifikat f\u00fcr Hochschuldidaktik des Zentrums f\u00fcr Qualit\u00e4tsentwicklung und Qualit\u00e4tssicherung an der Johannes-Gutenberg-Universit\u00e4t Mainz)<\/p>\n<p><strong>Trainerin<\/strong> (Trainerausbildung an der Akademie f\u00fcr wissenschaftliche Weiterbildung der P\u00e4dagogischen Hochschule Heidelberg<\/p>\n<p>zertifizierte&nbsp;<a title=\"HKT\" href=\"http:\/\/ph-heidelberg.de\/hkt\" target=\"_blank\" rel=\"noopener noreferrer\">HKT<\/a>&nbsp;(Heidelberger Kompetenztraining) \u2013 Instruktorin und Supervisorin, P\u00e4dagogische Hochschule Heidelberg<\/p>\n","protected":false},"excerpt":{"rendered":"<p>Promoviert in den Erziehungswissenschaften an der Goethe-Universit\u00e4t Frankfurt am Main Master of Arts Systemische Beratung (Studium \u201eSystemische Beratung\u201c (M.A.) am Fachbereich Sozialwissenschaften der Technischen Universit\u00e4t Kaiserslautern,&nbsp;Schwerpunkte: Personal- und Organisationsentwicklung, Titel der Masterarbeit: \u201eSYSTEMISCHES ERM\u00d6GLICHEN \u2013 Beitr\u00e4ge einer systemischen Haltung zur Kompetenzentwicklung in der Hochschullehre\u201c) Bachelor of Arts Gesundheitsf\u00f6rderung (P\u00e4dagogische Hochschule Heidelberg) Lehrende Coachin (Systemische Gesellschaft [&hellip;]<\/p>\n","protected":false},"author":2,"featured_media":0,"parent":0,"menu_order":0,"comment_status":"closed","ping_status":"closed","template":"full-width-page-template.php","meta":{"jetpack_post_was_ever_published":false,"footnotes":""},"class_list":["post-204","page","type-page","status-publish","hentry"],"jetpack_sharing_enabled":true,"jetpack_shortlink":"https:\/\/wp.me\/P4FeS6-3i","_links":{"self":[{"href":"https:\/\/blog.potentialfoerderin.de\/index.php?rest_route=\/wp\/v2\/pages\/204","targetHints":{"allow":["GET"]}}],"collection":[{"href":"https:\/\/blog.potentialfoerderin.de\/index.php?rest_route=\/wp\/v2\/pages"}],"about":[{"href":"https:\/\/blog.potentialfoerderin.de\/index.php?rest_route=\/wp\/v2\/types\/page"}],"author":[{"embeddable":true,"href":"https:\/\/blog.potentialfoerderin.de\/index.php?rest_route=\/wp\/v2\/users\/2"}],"replies":[{"embeddable":true,"href":"https:\/\/blog.potentialfoerderin.de\/index.php?rest_route=%2Fwp%2Fv2%2Fcomments&post=204"}],"version-history":[{"count":8,"href":"https:\/\/blog.potentialfoerderin.de\/index.php?rest_route=\/wp\/v2\/pages\/204\/revisions"}],"predecessor-version":[{"id":735,"href":"https:\/\/blog.potentialfoerderin.de\/index.php?rest_route=\/wp\/v2\/pages\/204\/revisions\/735"}],"wp:attachment":[{"href":"https:\/\/blog.potentialfoerderin.de\/index.php?rest_route=%2Fwp%2Fv2%2Fmedia&parent=204"}],"curies":[{"name":"wp","href":"https:\/\/api.w.org\/{rel}","templated":true}]}}