{"id":214,"date":"2014-10-16T12:48:03","date_gmt":"2014-10-16T10:48:03","guid":{"rendered":"http:\/\/blog.potentialfoerderin.de\/?page_id=214"},"modified":"2022-04-18T13:09:37","modified_gmt":"2022-04-18T11:09:37","slug":"betriebliches-gesundheitsmanagement","status":"publish","type":"page","link":"https:\/\/blog.potentialfoerderin.de\/?page_id=214","title":{"rendered":"Gesundheit im Unternehmen"},"content":{"rendered":"<p>Angebote zu den Themen:<\/p>\n<ul>\n<li>Strategieberatung: Aufbau \/ Weiterentwicklung eines Betrieblichen Gesundheitsmanagements (BGM)<\/li>\n<li>Planung, Durchf\u00fchrung, Begleitung und Evaluation gesundheitsf\u00f6rdernder Interventionen im Unternehmen (BGF)<\/li>\n<li>Gesund F\u00fchren<\/li>\n<li>Supervision im Hinblick auf Qualit\u00e4tssicherung und F\u00f6rderung professioneller Arbeit (Einzel- und Teamsupervision)<\/li>\n<li>Einzelberatung und Coaching von Fach- und F\u00fchrungskr\u00e4ften, ausgerichtet auf Fragen der Pers\u00f6nlichkeitsentwicklung und St\u00e4rkung bzw. Erweiterung professioneller Kompetenz<\/li>\n<\/ul>\n<p>Kontaktieren Sie mich f\u00fcr ein Erstgespr\u00e4ch, ich freue mich Sie kennenzulernen.<\/p>\n","protected":false},"excerpt":{"rendered":"<p>Angebote zu den Themen: Strategieberatung: Aufbau \/ Weiterentwicklung eines Betrieblichen Gesundheitsmanagements (BGM) Planung, Durchf\u00fchrung, Begleitung und Evaluation gesundheitsf\u00f6rdernder Interventionen im Unternehmen (BGF) Gesund F\u00fchren Supervision im Hinblick auf Qualit\u00e4tssicherung und F\u00f6rderung professioneller Arbeit (Einzel- und Teamsupervision) Einzelberatung und Coaching von Fach- und F\u00fchrungskr\u00e4ften, ausgerichtet auf Fragen der Pers\u00f6nlichkeitsentwicklung und St\u00e4rkung bzw. Erweiterung professioneller Kompetenz Kontaktieren [&hellip;]<\/p>\n","protected":false},"author":2,"featured_media":0,"parent":0,"menu_order":0,"comment_status":"closed","ping_status":"closed","template":"full-width-page-template.php","meta":{"jetpack_post_was_ever_published":false,"footnotes":""},"class_list":["post-214","page","type-page","status-publish","hentry"],"jetpack_sharing_enabled":true,"jetpack_shortlink":"https:\/\/wp.me\/P4FeS6-3s","_links":{"self":[{"href":"https:\/\/blog.potentialfoerderin.de\/index.php?rest_route=\/wp\/v2\/pages\/214","targetHints":{"allow":["GET"]}}],"collection":[{"href":"https:\/\/blog.potentialfoerderin.de\/index.php?rest_route=\/wp\/v2\/pages"}],"about":[{"href":"https:\/\/blog.potentialfoerderin.de\/index.php?rest_route=\/wp\/v2\/types\/page"}],"author":[{"embeddable":true,"href":"https:\/\/blog.potentialfoerderin.de\/index.php?rest_route=\/wp\/v2\/users\/2"}],"replies":[{"embeddable":true,"href":"https:\/\/blog.potentialfoerderin.de\/index.php?rest_route=%2Fwp%2Fv2%2Fcomments&post=214"}],"version-history":[{"count":5,"href":"https:\/\/blog.potentialfoerderin.de\/index.php?rest_route=\/wp\/v2\/pages\/214\/revisions"}],"predecessor-version":[{"id":581,"href":"https:\/\/blog.potentialfoerderin.de\/index.php?rest_route=\/wp\/v2\/pages\/214\/revisions\/581"}],"wp:attachment":[{"href":"https:\/\/blog.potentialfoerderin.de\/index.php?rest_route=%2Fwp%2Fv2%2Fmedia&parent=214"}],"curies":[{"name":"wp","href":"https:\/\/api.w.org\/{rel}","templated":true}]}}