{"id":266,"date":"2014-12-03T15:11:53","date_gmt":"2014-12-03T14:11:53","guid":{"rendered":"http:\/\/blog.potentialfoerderin.de\/?page_id=266"},"modified":"2024-03-15T13:18:39","modified_gmt":"2024-03-15T12:18:39","slug":"arbeitsschwerpunkte","status":"publish","type":"page","link":"https:\/\/blog.potentialfoerderin.de\/?page_id=266","title":{"rendered":"Arbeitsschwerpunkte"},"content":{"rendered":"<ul>\n<li>Coaching, fokussiert auf Pers\u00f6nlichkeitsentwicklung, St\u00e4rkung bzw. Erweiterung professioneller Kompetenz sowie gesundheitsf\u00f6rdernder Lebensf\u00fchrung und Alltagsbew\u00e4ltigung (Life-Balance \/ Umgang mit Stress)<\/li>\n<li>Systemische Organisationsberatung &amp; gesundheitsf\u00f6rdernde Organisationsentwicklung<\/li>\n<li>Systemische Beratung, Supervision und (Outdoor-)Coaching von Fach- und F\u00fchrungskr\u00e4ften \/ Teamcoaching \/-supervision zur St\u00e4rkung und Erweiterung professioneller Kompetenzen und Zusammenarbeit<\/li>\n<li>Konzeption und Durchf\u00fchrung von Weiterbildungen und Workshops zu den Themen Professionalisierung, Systemisches Coaching, Pers\u00f6nlichkeitsentwicklung und Selbstmanagement, Kommunikation und Gespr\u00e4chsf\u00fchrung, Teamentwicklung, Teamspirit und F\u00fchrung, \u00dcberg\u00e4nge und Ver\u00e4nderungsprozesse, (Betriebliche) Gesundheitsf\u00f6rderung<\/li>\n<li>Mentale Trainingsmethoden (F\u00f6rderung von Selbstwirksamkeit und Selbstmanagement, Vorbereitung auf Pr\u00fcfungssituationen, Vorstellungsgespr\u00e4che, Pr\u00e4sentationen etc.)<\/li>\n<\/ul>\n","protected":false},"excerpt":{"rendered":"<p>Coaching, fokussiert auf Pers\u00f6nlichkeitsentwicklung, St\u00e4rkung bzw. Erweiterung professioneller Kompetenz sowie gesundheitsf\u00f6rdernder Lebensf\u00fchrung und Alltagsbew\u00e4ltigung (Life-Balance \/ Umgang mit Stress) Systemische Organisationsberatung &amp; gesundheitsf\u00f6rdernde Organisationsentwicklung Systemische Beratung, Supervision und (Outdoor-)Coaching von Fach- und F\u00fchrungskr\u00e4ften \/ Teamcoaching \/-supervision zur St\u00e4rkung und Erweiterung professioneller Kompetenzen und Zusammenarbeit Konzeption und Durchf\u00fchrung von Weiterbildungen und Workshops zu den Themen Professionalisierung, [&hellip;]<\/p>\n","protected":false},"author":2,"featured_media":0,"parent":0,"menu_order":0,"comment_status":"closed","ping_status":"closed","template":"full-width-page-template.php","meta":{"jetpack_post_was_ever_published":false,"footnotes":""},"class_list":["post-266","page","type-page","status-publish","hentry"],"jetpack_sharing_enabled":true,"jetpack_shortlink":"https:\/\/wp.me\/P4FeS6-4i","_links":{"self":[{"href":"https:\/\/blog.potentialfoerderin.de\/index.php?rest_route=\/wp\/v2\/pages\/266","targetHints":{"allow":["GET"]}}],"collection":[{"href":"https:\/\/blog.potentialfoerderin.de\/index.php?rest_route=\/wp\/v2\/pages"}],"about":[{"href":"https:\/\/blog.potentialfoerderin.de\/index.php?rest_route=\/wp\/v2\/types\/page"}],"author":[{"embeddable":true,"href":"https:\/\/blog.potentialfoerderin.de\/index.php?rest_route=\/wp\/v2\/users\/2"}],"replies":[{"embeddable":true,"href":"https:\/\/blog.potentialfoerderin.de\/index.php?rest_route=%2Fwp%2Fv2%2Fcomments&post=266"}],"version-history":[{"count":8,"href":"https:\/\/blog.potentialfoerderin.de\/index.php?rest_route=\/wp\/v2\/pages\/266\/revisions"}],"predecessor-version":[{"id":629,"href":"https:\/\/blog.potentialfoerderin.de\/index.php?rest_route=\/wp\/v2\/pages\/266\/revisions\/629"}],"wp:attachment":[{"href":"https:\/\/blog.potentialfoerderin.de\/index.php?rest_route=%2Fwp%2Fv2%2Fmedia&parent=266"}],"curies":[{"name":"wp","href":"https:\/\/api.w.org\/{rel}","templated":true}]}}