{"id":32,"date":"2014-04-25T19:25:27","date_gmt":"2014-04-25T17:25:27","guid":{"rendered":"http:\/\/blog.potentialfoerderin.de\/?page_id=32"},"modified":"2022-04-18T13:08:37","modified_gmt":"2022-04-18T11:08:37","slug":"coaching","status":"publish","type":"page","link":"https:\/\/blog.potentialfoerderin.de\/?page_id=32","title":{"rendered":"ANGEBOTE F\u00dcR EINZELPERSONEN"},"content":{"rendered":"<p><strong>ganzheitlich \u2013 systemisch \u2013 l\u00f6sungsorientiert<\/strong><\/p>\n<p>\u201eWer nicht wei\u00df wohin er will, der muss sich nicht wundern, wenn er ganz wo anders ankommt.\u201c<br \/>\nMark Twain<\/p>\n<p>Als Gesundheits- und Potentialf\u00f6rderin berate und begleite ich Sie gern ganzheitlich und systemisch-l\u00f6sungsorientiert in den Bereichen Pers\u00f6nlichkeitsentwicklung, gesundheitsf\u00f6rdernder Lebensf\u00fchrung und Alltagsbew\u00e4ltigung.<\/p>\n<p><strong>POTENTIALAKTIVIERUNG<\/strong><\/p>\n<ul>\n<li>Pers\u00f6nlichkeitsentwicklung &amp; Potentialentfaltung<\/li>\n<li>St\u00e4rkung und F\u00f6rderung von Gesundheitsressourcen<\/li>\n<li>gesundheitsf\u00f6rdernde Lebensstil\u00e4nderung<\/li>\n<li>Umgang mit Belastungen und Stress<\/li>\n<li>Resilienz, Gesundheit &amp; Achtsamkeit<\/li>\n<li>Work-Life-Balance &amp; Burn-out Prophylaxe<\/li>\n<li>Klarheit &amp; Struktur in Ver\u00e4nderungs- oder Entscheidungsprozessen<\/li>\n<li>Ziele &amp; Visionen<\/li>\n<\/ul>\n<p><strong>POTENTIALENTFALTUNG<br \/>\n<\/strong>Coaching\u00a0als eine entwicklungsorientierte Form der Beratung kann Sie dabei unterst\u00fctzen, Ihre personalen, emotionalen und sozialen Ressourcen und Kompetenzen zu st\u00e4rken sowie Ihr individuelles Handlungspotential zu erweitern und zu entfalten. Im Coaching werden Sie\u00a0bef\u00e4higt eigenst\u00e4ndig und ressourcenorientiert Ihre\u00a0Anliegen bzw. Herausforderungssituationen zu bearbeiten und diese dem eigenen Potential angemessen zu bew\u00e4ltigen.<\/p>\n<p>Gerne unterst\u00fctze ich Sie dabei Ihre Potentiale zur Entfaltung zu bringen, Ihre Gesundheit und Ihr Wohlbefinden zu st\u00e4rken, motiviert und selbstbewusst Ihr Erfolgskonzept zu entwickeln und ins Handeln zu kommen.<\/p>\n<p>Ich freue mich auf Sie!<\/p>\n","protected":false},"excerpt":{"rendered":"<p>ganzheitlich \u2013 systemisch \u2013 l\u00f6sungsorientiert \u201eWer nicht wei\u00df wohin er will, der muss sich nicht wundern, wenn er ganz wo anders ankommt.\u201c Mark Twain Als Gesundheits- und Potentialf\u00f6rderin berate und begleite ich Sie gern ganzheitlich und systemisch-l\u00f6sungsorientiert in den Bereichen Pers\u00f6nlichkeitsentwicklung, gesundheitsf\u00f6rdernder Lebensf\u00fchrung und Alltagsbew\u00e4ltigung. POTENTIALAKTIVIERUNG Pers\u00f6nlichkeitsentwicklung &amp; Potentialentfaltung St\u00e4rkung und F\u00f6rderung von Gesundheitsressourcen gesundheitsf\u00f6rdernde [&hellip;]<\/p>\n","protected":false},"author":2,"featured_media":0,"parent":0,"menu_order":0,"comment_status":"closed","ping_status":"closed","template":"full-width-page-template.php","meta":{"jetpack_post_was_ever_published":false,"footnotes":""},"class_list":["post-32","page","type-page","status-publish","hentry"],"jetpack_sharing_enabled":true,"jetpack_shortlink":"https:\/\/wp.me\/P4FeS6-w","_links":{"self":[{"href":"https:\/\/blog.potentialfoerderin.de\/index.php?rest_route=\/wp\/v2\/pages\/32","targetHints":{"allow":["GET"]}}],"collection":[{"href":"https:\/\/blog.potentialfoerderin.de\/index.php?rest_route=\/wp\/v2\/pages"}],"about":[{"href":"https:\/\/blog.potentialfoerderin.de\/index.php?rest_route=\/wp\/v2\/types\/page"}],"author":[{"embeddable":true,"href":"https:\/\/blog.potentialfoerderin.de\/index.php?rest_route=\/wp\/v2\/users\/2"}],"replies":[{"embeddable":true,"href":"https:\/\/blog.potentialfoerderin.de\/index.php?rest_route=%2Fwp%2Fv2%2Fcomments&post=32"}],"version-history":[{"count":8,"href":"https:\/\/blog.potentialfoerderin.de\/index.php?rest_route=\/wp\/v2\/pages\/32\/revisions"}],"predecessor-version":[{"id":397,"href":"https:\/\/blog.potentialfoerderin.de\/index.php?rest_route=\/wp\/v2\/pages\/32\/revisions\/397"}],"wp:attachment":[{"href":"https:\/\/blog.potentialfoerderin.de\/index.php?rest_route=%2Fwp%2Fv2%2Fmedia&parent=32"}],"curies":[{"name":"wp","href":"https:\/\/api.w.org\/{rel}","templated":true}]}}