{"id":343,"date":"2015-01-14T11:09:34","date_gmt":"2015-01-14T10:09:34","guid":{"rendered":"http:\/\/blog.potentialfoerderin.de\/?page_id=343"},"modified":"2022-04-18T13:09:24","modified_gmt":"2022-04-18T11:09:24","slug":"die-potentialfoerderin-persoenlich","status":"publish","type":"page","link":"https:\/\/blog.potentialfoerderin.de\/?page_id=343","title":{"rendered":"Die Potentialf\u00f6rderin pers\u00f6nlich"},"content":{"rendered":"<h4><a href=\"https:\/\/i0.wp.com\/blog.potentialfoerderin.de\/wp-content\/uploads\/2015\/01\/IMG_1416.jpg\"><img data-recalc-dims=\"1\" loading=\"lazy\" decoding=\"async\" class=\"aligncenter wp-image-542 \" src=\"https:\/\/i0.wp.com\/blog.potentialfoerderin.de\/wp-content\/uploads\/2015\/01\/IMG_1416.jpg?resize=408%2C555\" alt=\"\" width=\"408\" height=\"555\" srcset=\"https:\/\/i0.wp.com\/blog.potentialfoerderin.de\/wp-content\/uploads\/2015\/01\/IMG_1416.jpg?w=1956&amp;ssl=1 1956w, https:\/\/i0.wp.com\/blog.potentialfoerderin.de\/wp-content\/uploads\/2015\/01\/IMG_1416.jpg?resize=220%2C300&amp;ssl=1 220w, https:\/\/i0.wp.com\/blog.potentialfoerderin.de\/wp-content\/uploads\/2015\/01\/IMG_1416.jpg?resize=768%2C1046&amp;ssl=1 768w, https:\/\/i0.wp.com\/blog.potentialfoerderin.de\/wp-content\/uploads\/2015\/01\/IMG_1416.jpg?resize=752%2C1024&amp;ssl=1 752w, https:\/\/i0.wp.com\/blog.potentialfoerderin.de\/wp-content\/uploads\/2015\/01\/IMG_1416.jpg?resize=972%2C1323&amp;ssl=1 972w, https:\/\/i0.wp.com\/blog.potentialfoerderin.de\/wp-content\/uploads\/2015\/01\/IMG_1416.jpg?w=1258 1258w, https:\/\/i0.wp.com\/blog.potentialfoerderin.de\/wp-content\/uploads\/2015\/01\/IMG_1416.jpg?w=1887 1887w\" sizes=\"auto, (max-width: 408px) 100vw, 408px\" \/><\/a><strong>Wer ich bin?<\/strong><\/h4>\n<p>Gesundheits- und Potentialf\u00f6rderin mit Herz, Faible f\u00fcr Gesundheit, Bildung, Familie, Life-Balance, Nachhaltigkeit &amp; Mee(h)r&#8230;<\/p>\n<h4><strong>Themen die mich bewegen?!<\/strong><\/h4>\n<ul>\n<li>Gelassenheit &amp; Achtsamkeit<\/li>\n<li>Ganzheitliche Gesundheitsf\u00f6rderung<\/li>\n<li>Potentiale, St\u00e4rken &amp; Talente<\/li>\n<li>Epigenetik &amp; Neurobiologie<\/li>\n<li>Gesundheit im Bildungssystem<\/li>\n<li>Umwelt, Gesellschaft, Gerechtigkeit &amp; Nachhaltigkeit<\/li>\n<\/ul>\n<h4><strong>Potentialentfaltung erlebe ich&#8230;<\/strong><\/h4>\n<p>&#8230;im Zusammenleben, in der Arbeit und im Austausch mit gro\u00dfen und kleinen Menschen<\/p>\n<h4><strong>Potential sucht Austausch und Zusammenarbeit zur Entfaltung<\/strong><\/h4>\n<p>&nbsp;<\/p>\n<p>Potentiale, Entwicklung, Neubeginn, Wachstum&#8230; jeden Tag aufs Neue entwickelt sich auch potentialfoerderin.de<\/p>\n<p>Schauen Sie wieder vorbei um Neues zu entdecken.<\/p>\n<p>PS:\u00a0\ud83d\ude09 <em>&#8222;Da es sehr f\u00f6rderlich f\u00fcr die Gesundheit ist, habe ich beschlossen, gl\u00fccklich zu sein.&#8220; Voltaire<\/em><\/p>\n","protected":false},"excerpt":{"rendered":"<p>Wer ich bin? Gesundheits- und Potentialf\u00f6rderin mit Herz, Faible f\u00fcr Gesundheit, Bildung, Familie, Life-Balance, Nachhaltigkeit &amp; Mee(h)r&#8230; Themen die mich bewegen?! Gelassenheit &amp; Achtsamkeit Ganzheitliche Gesundheitsf\u00f6rderung Potentiale, St\u00e4rken &amp; Talente Epigenetik &amp; Neurobiologie Gesundheit im Bildungssystem Umwelt, Gesellschaft, Gerechtigkeit &amp; Nachhaltigkeit Potentialentfaltung erlebe ich&#8230; &#8230;im Zusammenleben, in der Arbeit und im Austausch mit gro\u00dfen und [&hellip;]<\/p>\n","protected":false},"author":2,"featured_media":0,"parent":0,"menu_order":0,"comment_status":"closed","ping_status":"closed","template":"full-width-page-template.php","meta":{"footnotes":""},"class_list":["post-343","page","type-page","status-publish","hentry"],"jetpack_sharing_enabled":true,"jetpack_shortlink":"https:\/\/wp.me\/P4FeS6-5x","_links":{"self":[{"href":"https:\/\/blog.potentialfoerderin.de\/index.php?rest_route=\/wp\/v2\/pages\/343","targetHints":{"allow":["GET"]}}],"collection":[{"href":"https:\/\/blog.potentialfoerderin.de\/index.php?rest_route=\/wp\/v2\/pages"}],"about":[{"href":"https:\/\/blog.potentialfoerderin.de\/index.php?rest_route=\/wp\/v2\/types\/page"}],"author":[{"embeddable":true,"href":"https:\/\/blog.potentialfoerderin.de\/index.php?rest_route=\/wp\/v2\/users\/2"}],"replies":[{"embeddable":true,"href":"https:\/\/blog.potentialfoerderin.de\/index.php?rest_route=%2Fwp%2Fv2%2Fcomments&post=343"}],"version-history":[{"count":8,"href":"https:\/\/blog.potentialfoerderin.de\/index.php?rest_route=\/wp\/v2\/pages\/343\/revisions"}],"predecessor-version":[{"id":543,"href":"https:\/\/blog.potentialfoerderin.de\/index.php?rest_route=\/wp\/v2\/pages\/343\/revisions\/543"}],"wp:attachment":[{"href":"https:\/\/blog.potentialfoerderin.de\/index.php?rest_route=%2Fwp%2Fv2%2Fmedia&parent=343"}],"curies":[{"name":"wp","href":"https:\/\/api.w.org\/{rel}","templated":true}]}}