{"id":35,"date":"2014-04-25T19:25:39","date_gmt":"2014-04-25T17:25:39","guid":{"rendered":"http:\/\/blog.potentialfoerderin.de\/?page_id=35"},"modified":"2022-04-18T13:10:02","modified_gmt":"2022-04-18T11:10:02","slug":"angebote-fuer-unternehmen","status":"publish","type":"page","link":"https:\/\/blog.potentialfoerderin.de\/?page_id=35","title":{"rendered":"Organisations- und Personalentwicklung"},"content":{"rendered":"<p>Ich\u00a0berate und begleite Unternehmen in Entwicklungs- und Ver\u00e4nderungsprozessen.<\/p>\n<p>Kontaktieren Sie mich f\u00fcr ein Erstgespr\u00e4ch, ich freue mich Sie kennenzulernen.<\/p>\n","protected":false},"excerpt":{"rendered":"<p>Ich\u00a0berate und begleite Unternehmen in Entwicklungs- und Ver\u00e4nderungsprozessen. Kontaktieren Sie mich f\u00fcr ein Erstgespr\u00e4ch, ich freue mich Sie kennenzulernen.<\/p>\n","protected":false},"author":2,"featured_media":0,"parent":0,"menu_order":0,"comment_status":"closed","ping_status":"closed","template":"full-width-page-template.php","meta":{"jetpack_post_was_ever_published":false,"footnotes":""},"class_list":["post-35","page","type-page","status-publish","hentry"],"jetpack_sharing_enabled":true,"jetpack_shortlink":"https:\/\/wp.me\/P4FeS6-z","_links":{"self":[{"href":"https:\/\/blog.potentialfoerderin.de\/index.php?rest_route=\/wp\/v2\/pages\/35","targetHints":{"allow":["GET"]}}],"collection":[{"href":"https:\/\/blog.potentialfoerderin.de\/index.php?rest_route=\/wp\/v2\/pages"}],"about":[{"href":"https:\/\/blog.potentialfoerderin.de\/index.php?rest_route=\/wp\/v2\/types\/page"}],"author":[{"embeddable":true,"href":"https:\/\/blog.potentialfoerderin.de\/index.php?rest_route=\/wp\/v2\/users\/2"}],"replies":[{"embeddable":true,"href":"https:\/\/blog.potentialfoerderin.de\/index.php?rest_route=%2Fwp%2Fv2%2Fcomments&post=35"}],"version-history":[{"count":9,"href":"https:\/\/blog.potentialfoerderin.de\/index.php?rest_route=\/wp\/v2\/pages\/35\/revisions"}],"predecessor-version":[{"id":579,"href":"https:\/\/blog.potentialfoerderin.de\/index.php?rest_route=\/wp\/v2\/pages\/35\/revisions\/579"}],"wp:attachment":[{"href":"https:\/\/blog.potentialfoerderin.de\/index.php?rest_route=%2Fwp%2Fv2%2Fmedia&parent=35"}],"curies":[{"name":"wp","href":"https:\/\/api.w.org\/{rel}","templated":true}]}}