{"id":7,"date":"2014-04-25T16:46:38","date_gmt":"2014-04-25T14:46:38","guid":{"rendered":"http:\/\/blog.potentialfoerderin.de\/?page_id=7"},"modified":"2026-04-14T16:31:52","modified_gmt":"2026-04-14T14:31:52","slug":"homepage","status":"publish","type":"page","link":"https:\/\/blog.potentialfoerderin.de\/","title":{"rendered":"Willkommen"},"content":{"rendered":"<p style=\"text-align: center\"><strong><em>Wir k\u00f6nnen den Wind nicht \u00e4ndern, aber die Segel anders setzen.<br \/>\n(Aristoteles)<\/em><\/strong><\/p>\n<p>Meine Arbeitsschwerpunkte liegen in der Begleitung berufs- \/ bildungs- \/ biographischer \u00dcberg\u00e4nge und gesundheitsf\u00f6rdernder Pers\u00f6nlichkeits- und Organisationsentwicklungsprozesse.<\/p>\n<p>In meinen Beratungsprozessen, Lehrveranstaltungen, Workshops und Coachings erm\u00f6gliche ich es Menschen, sich ihrer Potentiale und M\u00f6glichkeiten bewusst zu werden, diese kraftvoll zu nutzen, um so pers\u00f6nliche Herausforderungen erfolgreich und gesund zu meistern.<\/p>\n<p>Meine Arbeitsweise orientiert sich an systemtheoretischen Pr\u00e4missen, ist wissenschaftlich fundiert und durch erlebnisorientierte Beratungs-, Coaching- und Trainingsmethoden gepr\u00e4gt.<\/p>\n<p>Willkommen auf meinen Seiten!<\/p>\n<p>Dr. Sandra Henze<\/p>\n","protected":false},"excerpt":{"rendered":"<p>Wir k\u00f6nnen den Wind nicht \u00e4ndern, aber die Segel anders setzen. (Aristoteles) Meine Arbeitsschwerpunkte liegen in der Begleitung berufs- \/ bildungs- \/ biographischer \u00dcberg\u00e4nge und gesundheitsf\u00f6rdernder Pers\u00f6nlichkeits- und Organisationsentwicklungsprozesse. In meinen Beratungsprozessen, Lehrveranstaltungen, Workshops und Coachings erm\u00f6gliche ich es Menschen, sich ihrer Potentiale und M\u00f6glichkeiten bewusst zu werden, diese kraftvoll zu nutzen, um so pers\u00f6nliche [&hellip;]<\/p>\n","protected":false},"author":2,"featured_media":0,"parent":0,"menu_order":0,"comment_status":"closed","ping_status":"closed","template":"full-width-page-template.php","meta":{"jetpack_post_was_ever_published":false,"footnotes":""},"class_list":["post-7","page","type-page","status-publish","hentry"],"jetpack_sharing_enabled":true,"jetpack_shortlink":"https:\/\/wp.me\/P4FeS6-7","_links":{"self":[{"href":"https:\/\/blog.potentialfoerderin.de\/index.php?rest_route=\/wp\/v2\/pages\/7","targetHints":{"allow":["GET"]}}],"collection":[{"href":"https:\/\/blog.potentialfoerderin.de\/index.php?rest_route=\/wp\/v2\/pages"}],"about":[{"href":"https:\/\/blog.potentialfoerderin.de\/index.php?rest_route=\/wp\/v2\/types\/page"}],"author":[{"embeddable":true,"href":"https:\/\/blog.potentialfoerderin.de\/index.php?rest_route=\/wp\/v2\/users\/2"}],"replies":[{"embeddable":true,"href":"https:\/\/blog.potentialfoerderin.de\/index.php?rest_route=%2Fwp%2Fv2%2Fcomments&post=7"}],"version-history":[{"count":80,"href":"https:\/\/blog.potentialfoerderin.de\/index.php?rest_route=\/wp\/v2\/pages\/7\/revisions"}],"predecessor-version":[{"id":742,"href":"https:\/\/blog.potentialfoerderin.de\/index.php?rest_route=\/wp\/v2\/pages\/7\/revisions\/742"}],"wp:attachment":[{"href":"https:\/\/blog.potentialfoerderin.de\/index.php?rest_route=%2Fwp%2Fv2%2Fmedia&parent=7"}],"curies":[{"name":"wp","href":"https:\/\/api.w.org\/{rel}","templated":true}]}}